{"id":2,"date":"2016-03-28T14:31:32","date_gmt":"2016-03-28T13:31:32","guid":{"rendered":"http:\/\/bilbomag.fr\/fr\/?page_id=2"},"modified":"2017-10-15T13:45:23","modified_gmt":"2017-10-15T12:45:23","slug":"page_d_accueil","status":"publish","type":"page","link":"http:\/\/www.bilbomag.fr\/fr\/","title":{"rendered":"BIENVENUE"},"content":{"rendered":"<p><img decoding=\"async\" loading=\"lazy\" class=\"size-large wp-image-195 aligncenter\" src=\"http:\/\/www.bilbomag.fr\/fr\/wp-content\/uploads\/2016\/03\/061-1024x683.jpg\" alt=\"Marque de pieds sur le sable\" width=\"843\" height=\"562\" srcset=\"http:\/\/www.bilbomag.fr\/fr\/wp-content\/uploads\/2016\/03\/061-1024x683.jpg 1024w, http:\/\/www.bilbomag.fr\/fr\/wp-content\/uploads\/2016\/03\/061-300x200.jpg 300w, http:\/\/www.bilbomag.fr\/fr\/wp-content\/uploads\/2016\/03\/061-768x512.jpg 768w, http:\/\/www.bilbomag.fr\/fr\/wp-content\/uploads\/2016\/03\/061-405x270.jpg 405w\" sizes=\"(max-width: 843px) 100vw, 843px\" \/><\/p>\n<p>&nbsp;<\/p>\n<p style=\"text-align: justify;\">Vous trouverez\u00a0sur ce site des reportages sur des destinations \u00e0 l&rsquo;\u00e9tranger<strong><em>.<\/em><\/strong> Ceux-ci contiennent de nombreuses informations touristiques et patrimoniales\u00a0sur les\u00a0pays\u00a0visit\u00e9s.\u00a0<em><br \/>\n<\/em><\/p>\n<p style=\"text-align: justify;\">Vous trouverez \u00e9galement pour chaque destination <strong><em>un guide pratique<\/em> <\/strong>contenant des adresses d&rsquo;h\u00f4tels, de restaurants, de loueurs de voitures, de sites \u00e0 visiter.\u00a0Ces reportages sont agr\u00e9ment\u00e9s <em>de photos<\/em>.<\/p>\n<p style=\"text-align: justify;\">Les voyages forment la jeunesse, dit-on. Ils permettent de d\u00e9couvrir d&rsquo;autres contr\u00e9es, d&rsquo;autres cultures.<\/p>\n<blockquote>\n<p style=\"text-align: center;\"><span style=\"color: #008080;\">Evadez-vous. Gardez des \u00e9toiles dans\u00a0les yeux.<\/span><br \/>\n<span style=\"color: #008080;\"> <em>D\u00e9passez le stade du touriste, <strong>devenez des voyageurs<\/strong>.<br \/>\n<\/em><\/span><span style=\"color: #008080;\"><em>Ayez l&rsquo;<strong>esprit<\/strong> du <strong>voyage<\/strong>. Prenez les chemins de vos r\u00eaves.<\/em><\/span><\/p>\n<\/blockquote>\n<p style=\"text-align: justify;\">\n","protected":false},"excerpt":{"rendered":"<p>&nbsp; Vous trouverez\u00a0sur ce site des reportages sur des destinations \u00e0 l&rsquo;\u00e9tranger. Ceux-ci contiennent de nombreuses informations touristiques et patrimoniales\u00a0sur les\u00a0pays\u00a0visit\u00e9s.\u00a0 Vous trouverez \u00e9galement pour chaque destination un guide pratique contenant des adresses d&rsquo;h\u00f4tels, de restaurants, de loueurs de voitures, de sites \u00e0 visiter.\u00a0Ces reportages sont agr\u00e9ment\u00e9s de photos. Les voyages forment la jeunesse, dit-on. Ils permettent de d\u00e9couvrir d&rsquo;autres contr\u00e9es, d&rsquo;autres cultures. Evadez-vous. Gardez des \u00e9toiles dans\u00a0les yeux. D\u00e9passez le stade du touriste, devenez des voyageurs. Ayez l&rsquo;esprit du&#8230;<\/p>\n<p class=\"read-more\"><a class=\"btn btn-default\" href=\"http:\/\/www.bilbomag.fr\/fr\/\">Lire la suite<span class=\"screen-reader-text\"> Lire la suite<\/span><\/a><\/p>\n","protected":false},"author":1,"featured_media":0,"parent":0,"menu_order":1,"comment_status":"closed","ping_status":"open","template":"","meta":{"om_disable_all_campaigns":false,"_mi_skip_tracking":false},"aioseo_notices":[],"_links":{"self":[{"href":"http:\/\/www.bilbomag.fr\/fr\/wp-json\/wp\/v2\/pages\/2"}],"collection":[{"href":"http:\/\/www.bilbomag.fr\/fr\/wp-json\/wp\/v2\/pages"}],"about":[{"href":"http:\/\/www.bilbomag.fr\/fr\/wp-json\/wp\/v2\/types\/page"}],"author":[{"embeddable":true,"href":"http:\/\/www.bilbomag.fr\/fr\/wp-json\/wp\/v2\/users\/1"}],"replies":[{"embeddable":true,"href":"http:\/\/www.bilbomag.fr\/fr\/wp-json\/wp\/v2\/comments?post=2"}],"version-history":[{"count":2,"href":"http:\/\/www.bilbomag.fr\/fr\/wp-json\/wp\/v2\/pages\/2\/revisions"}],"predecessor-version":[{"id":647,"href":"http:\/\/www.bilbomag.fr\/fr\/wp-json\/wp\/v2\/pages\/2\/revisions\/647"}],"wp:attachment":[{"href":"http:\/\/www.bilbomag.fr\/fr\/wp-json\/wp\/v2\/media?parent=2"}],"curies":[{"name":"wp","href":"https:\/\/api.w.org\/{rel}","templated":true}]}}